{"id":3765,"date":"2014-02-04T09:52:44","date_gmt":"2014-02-04T12:52:44","guid":{"rendered":"https:\/\/cambioex.com.br\/home\/?page_id=3765"},"modified":"2023-09-19T23:17:13","modified_gmt":"2023-09-20T02:17:13","slug":"quem-somos","status":"publish","type":"page","link":"https:\/\/cambioex.com.br\/home\/quem-somos\/","title":{"rendered":"Quem Somos"},"content":{"rendered":"<p>[vc_row][vc_column width=&#8221;1\/3&#8243;]<div class=\"wpb_content_element \"><div id=\"utbx_o_69d238ce297f7\" class=\"ut-service-icon-box  ut-one-third  ut-service-icon-box-center\"><style type=\"text\/css\">#utbx_69d238ce297f4 { background:#122161; }#utbx_69d238ce297f4:hover { background: #3366ff; } #utbx_69d238ce297f4:after { box-shadow: 0 0 0 4px #3366ff; } <\/style><div class=\"ut-highlight-icon-wrap ut-highlight-icon-effect\"><a id=\"utbx_69d238ce297f4\" data-id=\"utbx_69d238ce297f4\" data-hovercolor=\"#3366ff\"  data-effect=\"fadeInUp\" data-animateonce=\"yes\" data-delay=\"0\" class=\"ut-highlight-icon ut-animate-element animated ut-no-animation-tablet ut-no-animation-mobile fa fa-lock\" href=\"#\" target=\"_blank\"><\/a><\/div><div class=\"ut-service-icon-box-content\"><h3>Ambiente Seguro<\/h3><p> Monitoramento digital, com cabines individuais e infraestrutura adequada que geram seguran\u00e7a ao cliente e suas transa\u00e7\u00f5es.\u00a0<\/p><\/div><\/div><\/div>[\/vc_column][vc_column width=&#8221;1\/3&#8243;]<div class=\"wpb_content_element \"><div id=\"utbx_o_69d238ce29a46\" class=\"ut-service-icon-box  ut-one-third  ut-service-icon-box-center\"><style type=\"text\/css\">#utbx_69d238ce29a45 { background:#122161; }#utbx_69d238ce29a45:hover { background: #3366ff; } #utbx_69d238ce29a45:after { box-shadow: 0 0 0 4px #3366ff; } <\/style><div class=\"ut-highlight-icon-wrap ut-highlight-icon-effect\"><a id=\"utbx_69d238ce29a45\" data-id=\"utbx_69d238ce29a45\" data-hovercolor=\"#3366ff\"  data-effect=\"fadeInUp\" data-animateonce=\"yes\" data-delay=\"0\" class=\"ut-highlight-icon ut-animate-element animated ut-no-animation-tablet ut-no-animation-mobile fa fa-star-o\" href=\"#\" target=\"_blank\"><\/a><\/div><div class=\"ut-service-icon-box-content\"><h3>Atendimento Exclusivo<\/h3><p> Contamos com uma equipe altamente\u00a0treinada, que certamente lhe proporcionar\u00e1 um atendimento diferenciado.\u00a0<\/p><\/div><\/div><\/div>[\/vc_column][vc_column width=&#8221;1\/3&#8243;]<div class=\"wpb_content_element \"><div id=\"utbx_o_69d238ce29bd9\" class=\"ut-service-icon-box ut-column-last ut-one-third  ut-service-icon-box-center\"><style type=\"text\/css\">#utbx_69d238ce29bd8 { background:#122161; }#utbx_69d238ce29bd8:hover { background: #3366ff; } #utbx_69d238ce29bd8:after { box-shadow: 0 0 0 4px #3366ff; } <\/style><div class=\"ut-highlight-icon-wrap ut-highlight-icon-effect\"><a id=\"utbx_69d238ce29bd8\" data-id=\"utbx_69d238ce29bd8\" data-hovercolor=\"#3366ff\"  data-effect=\"fadeInUp\" data-animateonce=\"yes\" data-delay=\"0\" class=\"ut-highlight-icon ut-animate-element animated ut-no-animation-tablet ut-no-animation-mobile fa fa-money\" href=\"#\" target=\"_blank\"><\/a><\/div><div class=\"ut-service-icon-box-content\"><h3>Transpar\u00eancia nas Opera\u00e7\u00f5es<\/h3><p> Todas as informa\u00e7\u00f5es sobre as\u00a0opera\u00e7\u00f5es s\u00e3o passadas ao cliente de forma clara, objetiva e transparente. <\/p><\/div><\/div><\/div>[\/vc_column][\/vc_row][vc_row full_width=&#8221;stretch_row_content_no_spaces&#8221; css=&#8221;.vc_custom_1695174822146{margin-bottom: -80px !important;}&#8221;][vc_column]\n\t\t\t<!-- START Slider Ouro Bot\u00e3o Saiba Mais REVOLUTION SLIDER 6.1.8 --><p class=\"rs-p-wp-fix\"><\/p>\n\t\t\t<rs-module-wrap id=\"rev_slider_7_1_wrapper\" data-source=\"gallery\" style=\"background:#004032;padding:0;margin:0px auto;margin-top:0;margin-bottom:40;max-width:\">\n\t\t\t\t<rs-module id=\"rev_slider_7_1\" style=\"display:none;\" data-version=\"6.1.8\">\n\t\t\t\t\t<rs-slides>\n\t\t\t\t\t\t<rs-slide data-key=\"rs-22\" data-title=\"Slide\" data-anim=\"ei:d;eo:d;s:1000;r:0;t:fade;sl:0;\">\n\t\t\t\t\t\t\t<img src=\"\/\/cambioex.com.br\/home\/wp-content\/plugins\/revslider\/public\/assets\/assets\/transparent.png\" title=\"Quem Somos\" data-bg=\"c:#004032;\" class=\"rev-slidebg\" data-no-retina>\n<!--\n\t\t\t\t\t\t\t--><rs-layer\n\t\t\t\t\t\t\t\tid=\"slider-7-slide-22-layer-1\" \n\t\t\t\t\t\t\t\tdata-type=\"image\"\n\t\t\t\t\t\t\t\tdata-rsp_ch=\"on\"\n\t\t\t\t\t\t\t\tdata-xy=\"xo:154px,154px,154px,98px;yo:65px,65px,65px,54px;\"\n\t\t\t\t\t\t\t\tdata-text=\"w:normal;s:20,20,20,4;l:0,0,0,6;\"\n\t\t\t\t\t\t\t\tdata-dim=\"w:763px,763px,763px,301px;h:487px,487px,487px,192px;\"\n\t\t\t\t\t\t\t\tdata-frame_999=\"o:0;st:w;\"\n\t\t\t\t\t\t\t\tstyle=\"z-index:6;\"\n\t\t\t\t\t\t\t><img src=\"\/\/cambioex.com.br\/home\/wp-content\/uploads\/2015\/04\/bannerouro.png\" width=\"660\" height=\"421\" data-no-retina> \n\t\t\t\t\t\t\t<\/rs-layer><!--\n\n\t\t\t\t\t\t\t--><rs-layer\n\t\t\t\t\t\t\t\tid=\"slider-7-slide-22-layer-2\" \n\t\t\t\t\t\t\t\tdata-type=\"text\"\n\t\t\t\t\t\t\t\tdata-color=\"#fff\"\n\t\t\t\t\t\t\t\tdata-rsp_ch=\"on\"\n\t\t\t\t\t\t\t\tdata-xy=\"xo:830px,830px,830px,19px;yo:47px,47px,47px,264px;\"\n\t\t\t\t\t\t\t\tdata-text=\"w:normal;s:40,40,40,23;l:50,50,50,28;fw:900;\"\n\t\t\t\t\t\t\t\tdata-dim=\"w:744px,744px,744px,443px;minh:0px,0px,0px,none;\"\n\t\t\t\t\t\t\t\tdata-frame_0=\"x:0,0,0,0px;y:0,0,0,0px;\"\n\t\t\t\t\t\t\t\tdata-frame_1=\"x:0,0,0,0px;y:0,0,0,0px;\"\n\t\t\t\t\t\t\t\tdata-frame_999=\"o:0;st:w;\"\n\t\t\t\t\t\t\t\tstyle=\"z-index:7;font-family:Roboto;text-transform:uppercase;\"\n\t\t\t\t\t\t\t>A cambioex agora \u00e9 representante oficial ourominas! \n\t\t\t\t\t\t\t<\/rs-layer><!--\n\n\t\t\t\t\t\t\t--><rs-layer\n\t\t\t\t\t\t\t\tid=\"slider-7-slide-22-layer-3\" \n\t\t\t\t\t\t\t\tdata-type=\"text\"\n\t\t\t\t\t\t\t\tdata-color=\"#fff\"\n\t\t\t\t\t\t\t\tdata-rsp_ch=\"on\"\n\t\t\t\t\t\t\t\tdata-xy=\"xo:831px,831px,831px,17px;yo:211px,211px,211px,338px;\"\n\t\t\t\t\t\t\t\tdata-text=\"w:normal;s:20,20,20,16;l:30,30,30,26;ls:1,1,1,0;fw:300;\"\n\t\t\t\t\t\t\t\tdata-dim=\"w:756px,756px,756px,446px;h:auto,auto,auto,192px;minh:0px,0px,0px,none;\"\n\t\t\t\t\t\t\t\tdata-frame_0=\"x:0,0,0,0px;y:0,0,0,0px;\"\n\t\t\t\t\t\t\t\tdata-frame_1=\"x:0,0,0,0px;y:0,0,0,0px;\"\n\t\t\t\t\t\t\t\tdata-frame_999=\"o:0;st:w;\"\n\t\t\t\t\t\t\t\tstyle=\"z-index:8;font-family:Open Sans;\"\n\t\t\t\t\t\t\t>A Cambioex e a Ourominas s\u00e3o agora parceiras oficiais! Esta alian\u00e7a promete abrir portas para novas oportunidades financeiras e revolucionar o mercado. Juntas, ofereceremos solu\u00e7\u00f5es excepcionais em c\u00e2mbio e investimentos, proporcionando a voc\u00ea um caminho brilhante para o sucesso financeiro. Prepare-se para uma jornada empolgante e confi\u00e1vel, onde sua prosperidade \u00e9 nossa prioridade. Estamos ansiosos para tornar seus sonhos financeiros realidade, gra\u00e7as \u00e0 essa parceria\u00a0extraordin\u00e1ria! \n\t\t\t\t\t\t\t<\/rs-layer><!--\n\n\t\t\t\t\t\t\t--><a\n\t\t\t\t\t\t\t\tid=\"slider-7-slide-22-layer-5\" \n\t\t\t\t\t\t\t\tclass=\"rs-layer rev-btn\"\n\t\t\t\t\t\t\t\thref=\"https:\/\/cambioex.com.br\/home\/parceiro-oficial-ouro-minas\/\" target=\"_self\" rel=\"nofollow\"\n\t\t\t\t\t\t\t\tdata-type=\"button\"\n\t\t\t\t\t\t\t\tdata-bsh=\"c:rgba(0,0,0,0.25);v:10px,10px,10px,4px;b:19px,19px,19px,13px;\"\n\t\t\t\t\t\t\t\tdata-rsp_ch=\"on\"\n\t\t\t\t\t\t\t\tdata-xy=\"xo:826px,826px,826px,144px;yo:467px,467px,467px,615px;\"\n\t\t\t\t\t\t\t\tdata-text=\"w:normal;s:19,19,19,17;l:59,59,59,48;fw:500;\"\n\t\t\t\t\t\t\t\tdata-dim=\"h:60,60,60,auto;minh:0,0,0,none;\"\n\t\t\t\t\t\t\t\tdata-padding=\"r:59,59,59,52;l:59,59,59,52;\"\n\t\t\t\t\t\t\t\tdata-border=\"bor:5px,5px,5px,5px;\"\n\t\t\t\t\t\t\t\tdata-frame_999=\"o:0;st:w;\"\n\t\t\t\t\t\t\t\tdata-frame_hover=\"bgc:#007aff;bor:5px,5px,5px,5px;e:Power1.easeInOut;bri:120%;\"\n\t\t\t\t\t\t\t\tstyle=\"z-index:10;background:linear-gradient(rgba(255,94,58,1) 0%, rgba(255,42,104,1) 100%);font-family:Roboto;\"\n\t\t\t\t\t\t\t><i class=\"fa-external-link\"><\/i>   SAIBA MAIS  \n\t\t\t\t\t\t\t<\/a><!--\n-->\t\t\t\t\t\t<\/rs-slide>\n\t\t\t\t\t\t<rs-slide data-key=\"rs-221\" data-title=\"Slide\" data-anim=\"ei:d;eo:d;s:1000;r:0;t:fade;sl:0;\">\n\t\t\t\t\t\t\t<img src=\"\/\/cambioex.com.br\/home\/wp-content\/plugins\/revslider\/public\/assets\/assets\/transparent.png\" title=\"Quem Somos\" data-bg=\"c:#004032;\" class=\"rev-slidebg\" data-no-retina>\n<!--\n\t\t\t\t\t\t\t--><rs-layer\n\t\t\t\t\t\t\t\tid=\"slider-7-slide-221-layer-1\" \n\t\t\t\t\t\t\t\tdata-type=\"image\"\n\t\t\t\t\t\t\t\tdata-rsp_ch=\"on\"\n\t\t\t\t\t\t\t\tdata-xy=\"xo:154px,154px,154px,98px;yo:65px,65px,65px,54px;\"\n\t\t\t\t\t\t\t\tdata-text=\"w:normal;s:20,20,20,4;l:0,0,0,6;\"\n\t\t\t\t\t\t\t\tdata-dim=\"w:763px,763px,763px,301px;h:487px,487px,487px,192px;\"\n\t\t\t\t\t\t\t\tdata-frame_999=\"o:0;st:w;\"\n\t\t\t\t\t\t\t\tstyle=\"z-index:6;\"\n\t\t\t\t\t\t\t><img src=\"\/\/cambioex.com.br\/home\/wp-content\/uploads\/2015\/04\/bannerouro.png\" width=\"660\" height=\"421\" data-no-retina> \n\t\t\t\t\t\t\t<\/rs-layer><!--\n\n\t\t\t\t\t\t\t--><rs-layer\n\t\t\t\t\t\t\t\tid=\"slider-7-slide-221-layer-2\" \n\t\t\t\t\t\t\t\tdata-type=\"text\"\n\t\t\t\t\t\t\t\tdata-color=\"#fff\"\n\t\t\t\t\t\t\t\tdata-rsp_ch=\"on\"\n\t\t\t\t\t\t\t\tdata-xy=\"xo:830px,830px,830px,19px;yo:47px,47px,47px,264px;\"\n\t\t\t\t\t\t\t\tdata-text=\"w:normal;s:40,40,40,23;l:50,50,50,28;fw:900;\"\n\t\t\t\t\t\t\t\tdata-dim=\"w:744px,744px,744px,443px;minh:0px,0px,0px,none;\"\n\t\t\t\t\t\t\t\tdata-frame_0=\"x:0,0,0,0px;y:0,0,0,0px;\"\n\t\t\t\t\t\t\t\tdata-frame_1=\"x:0,0,0,0px;y:0,0,0,0px;\"\n\t\t\t\t\t\t\t\tdata-frame_999=\"o:0;st:w;\"\n\t\t\t\t\t\t\t\tstyle=\"z-index:7;font-family:Roboto;text-transform:uppercase;\"\n\t\t\t\t\t\t\t>A cambioex agora \u00e9 representante oficial ourominas! \n\t\t\t\t\t\t\t<\/rs-layer><!--\n\n\t\t\t\t\t\t\t--><rs-layer\n\t\t\t\t\t\t\t\tid=\"slider-7-slide-221-layer-3\" \n\t\t\t\t\t\t\t\tdata-type=\"text\"\n\t\t\t\t\t\t\t\tdata-color=\"#fff\"\n\t\t\t\t\t\t\t\tdata-rsp_ch=\"on\"\n\t\t\t\t\t\t\t\tdata-xy=\"xo:831px,831px,831px,17px;yo:211px,211px,211px,338px;\"\n\t\t\t\t\t\t\t\tdata-text=\"w:normal;s:20,20,20,16;l:30,30,30,26;ls:1,1,1,0;fw:300;\"\n\t\t\t\t\t\t\t\tdata-dim=\"w:756px,756px,756px,446px;h:auto,auto,auto,192px;minh:0px,0px,0px,none;\"\n\t\t\t\t\t\t\t\tdata-frame_0=\"x:0,0,0,0px;y:0,0,0,0px;\"\n\t\t\t\t\t\t\t\tdata-frame_1=\"x:0,0,0,0px;y:0,0,0,0px;\"\n\t\t\t\t\t\t\t\tdata-frame_999=\"o:0;st:w;\"\n\t\t\t\t\t\t\t\tstyle=\"z-index:8;font-family:Open Sans;\"\n\t\t\t\t\t\t\t>A Cambioex e a Ourominas s\u00e3o agora parceiras oficiais! Esta alian\u00e7a promete abrir portas para novas oportunidades financeiras e revolucionar o mercado. Juntas, ofereceremos solu\u00e7\u00f5es excepcionais em c\u00e2mbio e investimentos, proporcionando a voc\u00ea um caminho brilhante para o sucesso financeiro. Prepare-se para uma jornada empolgante e confi\u00e1vel, onde sua prosperidade \u00e9 nossa prioridade. Estamos ansiosos para tornar seus sonhos financeiros realidade, gra\u00e7as \u00e0 essa parceria\u00a0extraordin\u00e1ria! \n\t\t\t\t\t\t\t<\/rs-layer><!--\n\n\t\t\t\t\t\t\t--><a\n\t\t\t\t\t\t\t\tid=\"slider-7-slide-221-layer-5\" \n\t\t\t\t\t\t\t\tclass=\"rs-layer rev-btn\"\n\t\t\t\t\t\t\t\thref=\"https:\/\/cambioex.com.br\/home\/parceiro-oficial-ouro-minas\/\" target=\"_self\" rel=\"nofollow\"\n\t\t\t\t\t\t\t\tdata-type=\"button\"\n\t\t\t\t\t\t\t\tdata-bsh=\"c:rgba(0,0,0,0.25);v:10px,10px,10px,4px;b:19px,19px,19px,13px;\"\n\t\t\t\t\t\t\t\tdata-rsp_ch=\"on\"\n\t\t\t\t\t\t\t\tdata-xy=\"xo:826px,826px,826px,144px;yo:467px,467px,467px,615px;\"\n\t\t\t\t\t\t\t\tdata-text=\"w:normal;s:19,19,19,17;l:59,59,59,48;fw:500;\"\n\t\t\t\t\t\t\t\tdata-dim=\"h:60,60,60,auto;minh:0,0,0,none;\"\n\t\t\t\t\t\t\t\tdata-padding=\"r:59,59,59,52;l:59,59,59,52;\"\n\t\t\t\t\t\t\t\tdata-border=\"bor:5px,5px,5px,5px;\"\n\t\t\t\t\t\t\t\tdata-frame_999=\"o:0;st:w;\"\n\t\t\t\t\t\t\t\tdata-frame_hover=\"bgc:#007aff;bor:5px,5px,5px,5px;e:Power1.easeInOut;bri:120%;\"\n\t\t\t\t\t\t\t\tstyle=\"z-index:10;background:linear-gradient(rgba(255,94,58,1) 0%, rgba(255,42,104,1) 100%);font-family:Roboto;\"\n\t\t\t\t\t\t\t><i class=\"fa-external-link\"><\/i>   SAIBA MAIS  \n\t\t\t\t\t\t\t<\/a><!--\n-->\t\t\t\t\t\t<\/rs-slide>\n\t\t\t\t\t<\/rs-slides>\n\t\t\t\t\t<rs-progress class=\"rs-bottom\" style=\"visibility: hidden !important;\"><\/rs-progress>\n\t\t\t\t<\/rs-module>\n\t\t\t\t<script type=\"text\/javascript\">\n\t\t\t\t\tsetREVStartSize({c: 'rev_slider_7_1',rl:[1240,1240,1240,480],el:[650,650,650,720],gw:[1920,1920,1920,480],gh:[650,650,650,720],type:'standard',justify:'',layout:'fullwidth',mh:\"400\"});\n\t\t\t\t\tvar\trevapi7,\n\t\t\t\t\t\ttpj;\n\t\t\t\t\tjQuery(function() {\n\t\t\t\t\t\ttpj = jQuery;\n\t\t\t\t\t\ttpj.noConflict();\n\t\t\t\t\t\tif(tpj(\"#rev_slider_7_1\").revolution == undefined){\n\t\t\t\t\t\t\trevslider_showDoubleJqueryError(\"#rev_slider_7_1\");\n\t\t\t\t\t\t}else{\n\t\t\t\t\t\t\trevapi7 = tpj(\"#rev_slider_7_1\").show().revolution({\n\t\t\t\t\t\t\t\tjsFileLocation:\"\/\/cambioex.com.br\/home\/wp-content\/plugins\/revslider\/public\/assets\/js\/\",\n\t\t\t\t\t\t\t\tvisibilityLevels:\"1240,1240,1240,480\",\n\t\t\t\t\t\t\t\tgridwidth:\"1920,1920,1920,480\",\n\t\t\t\t\t\t\t\tgridheight:\"650,650,650,720\",\n\t\t\t\t\t\t\t\tminHeight:400,\n\t\t\t\t\t\t\t\tspinner:\"spinner0\",\n\t\t\t\t\t\t\t\teditorheight:\"650,768,960,720\",\n\t\t\t\t\t\t\t\tresponsiveLevels:\"1240,1240,1240,480\",\n\t\t\t\t\t\t\t\tstopAtSlide:2,\n\t\t\t\t\t\t\t\tstopAfterLoops:0,\n\t\t\t\t\t\t\t\tshadow:3,\n\t\t\t\t\t\t\t\tnavigation: {\n\t\t\t\t\t\t\t\t\tmouseScrollNavigation:false,\n\t\t\t\t\t\t\t\t\ttouch: {\n\t\t\t\t\t\t\t\t\t\ttouchenabled:true\n\t\t\t\t\t\t\t\t\t}\n\t\t\t\t\t\t\t\t},\n\t\t\t\t\t\t\t\tfallbacks: {\n\t\t\t\t\t\t\t\t\tignoreHeightChanges:\"\",\n\t\t\t\t\t\t\t\t\tallowHTML5AutoPlayOnAndroid:true\n\t\t\t\t\t\t\t\t},\n\t\t\t\t\t\t\t});\n\t\t\t\t\t\t}\n\t\t\t\t\t\t\n\t\t\t\t\t});\n\t\t\t\t<\/script>\n\t\t\t<\/rs-module-wrap>\n\t\t\t<!-- END REVOLUTION SLIDER -->\n[\/vc_column][\/vc_row]<\/p>\n","protected":false},"excerpt":{"rendered":"<p>[vc_row][vc_column width=&#8221;1\/3&#8243;][\/vc_column][vc_column width=&#8221;1\/3&#8243;][\/vc_column][vc_column width=&#8221;1\/3&#8243;][\/vc_column][\/vc_row][vc_row full_width=&#8221;stretch_row_content_no_spaces&#8221; css=&#8221;.vc_custom_1695174822146{margin-bottom: -80px !important;}&#8221;][vc_column][\/vc_column][\/vc_row]<\/p>\n","protected":false},"author":1,"featured_media":0,"parent":0,"menu_order":0,"comment_status":"open","ping_status":"closed","template":"","meta":[],"_links":{"self":[{"href":"https:\/\/cambioex.com.br\/home\/wp-json\/wp\/v2\/pages\/3765"}],"collection":[{"href":"https:\/\/cambioex.com.br\/home\/wp-json\/wp\/v2\/pages"}],"about":[{"href":"https:\/\/cambioex.com.br\/home\/wp-json\/wp\/v2\/types\/page"}],"author":[{"embeddable":true,"href":"https:\/\/cambioex.com.br\/home\/wp-json\/wp\/v2\/users\/1"}],"replies":[{"embeddable":true,"href":"https:\/\/cambioex.com.br\/home\/wp-json\/wp\/v2\/comments?post=3765"}],"version-history":[{"count":30,"href":"https:\/\/cambioex.com.br\/home\/wp-json\/wp\/v2\/pages\/3765\/revisions"}],"predecessor-version":[{"id":5176,"href":"https:\/\/cambioex.com.br\/home\/wp-json\/wp\/v2\/pages\/3765\/revisions\/5176"}],"wp:attachment":[{"href":"https:\/\/cambioex.com.br\/home\/wp-json\/wp\/v2\/media?parent=3765"}],"curies":[{"name":"wp","href":"https:\/\/api.w.org\/{rel}","templated":true}]}}